{"id":508,"date":"2018-11-26T12:47:06","date_gmt":"2018-11-26T12:47:06","guid":{"rendered":"https:\/\/lystikama.fi\/contact\/"},"modified":"2026-04-07T13:12:50","modified_gmt":"2026-04-07T10:12:50","slug":"contact","status":"publish","type":"page","link":"https:\/\/lystikama.fi\/en\/otayhteytta\/","title":{"rendered":"Contact Us"},"content":{"rendered":"<div data-elementor-type=\"wp-post\" data-elementor-id=\"508\" class=\"elementor elementor-508\">\n\t\t\t\t\t\t<section class=\"elementor-section elementor-top-section elementor-element elementor-element-797db47 elementor-section-content-middle elementor-section-boxed elementor-section-height-default elementor-section-height-default\" data-id=\"797db47\" data-element_type=\"section\" data-e-type=\"section\" data-settings=\"{&quot;background_background&quot;:&quot;classic&quot;}\">\n\t\t\t\t\t\t\t<div class=\"elementor-background-overlay\"><\/div>\n\t\t\t\t\t\t\t<div class=\"elementor-container elementor-column-gap-no\">\n\t\t\t\t\t<div class=\"elementor-column elementor-col-100 elementor-top-column elementor-element elementor-element-b15b336\" data-id=\"b15b336\" data-element_type=\"column\" data-e-type=\"column\">\n\t\t\t<div class=\"elementor-widget-wrap elementor-element-populated\">\n\t\t\t\t\t\t<div class=\"elementor-element elementor-element-ea3c554 elementor-widget elementor-widget-heading\" data-id=\"ea3c554\" data-element_type=\"widget\" data-e-type=\"widget\" data-widget_type=\"heading.default\">\n\t\t\t\t<div class=\"elementor-widget-container\">\n\t\t\t\t\t<h1 class=\"elementor-heading-title elementor-size-default\">Contact Us<\/h1>\t\t\t\t<\/div>\n\t\t\t\t<\/div>\n\t\t\t\t\t<\/div>\n\t\t<\/div>\n\t\t\t\t\t<\/div>\n\t\t<\/section>\n\t\t\t\t<section class=\"elementor-section elementor-top-section elementor-element elementor-element-3da3b63 elementor-section-content-top elementor-section-boxed elementor-section-height-default elementor-section-height-default\" data-id=\"3da3b63\" data-element_type=\"section\" data-e-type=\"section\" data-settings=\"{&quot;background_background&quot;:&quot;classic&quot;}\">\n\t\t\t\t\t\t<div class=\"elementor-container elementor-column-gap-no\">\n\t\t\t\t\t<div class=\"elementor-column elementor-col-50 elementor-top-column elementor-element elementor-element-1dc7315\" data-id=\"1dc7315\" data-element_type=\"column\" data-e-type=\"column\">\n\t\t\t<div class=\"elementor-widget-wrap elementor-element-populated\">\n\t\t\t\t\t\t<div class=\"elementor-element elementor-element-61ac744 elementor-widget elementor-widget-image\" data-id=\"61ac744\" data-element_type=\"widget\" data-e-type=\"widget\" data-widget_type=\"image.default\">\n\t\t\t\t<div class=\"elementor-widget-container\">\n\t\t\t\t\t\t\t\t\t\t\t\t\t\t\t<img fetchpriority=\"high\" decoding=\"async\" width=\"673\" height=\"735\" src=\"https:\/\/lystikama.fi\/wp-content\/uploads\/2022\/04\/Miika.jpg\" class=\"attachment-large size-large wp-image-1822\" alt=\"\" srcset=\"https:\/\/lystikama.fi\/wp-content\/uploads\/2022\/04\/Miika.jpg 673w, https:\/\/lystikama.fi\/wp-content\/uploads\/2022\/04\/Miika-275x300.jpg 275w\" sizes=\"(max-width: 673px) 100vw, 673px\" \/>\t\t\t\t\t\t\t\t\t\t\t\t\t\t\t<\/div>\n\t\t\t\t<\/div>\n\t\t\t\t<div class=\"elementor-element elementor-element-645a0d9 elementor-widget elementor-widget-heading\" data-id=\"645a0d9\" data-element_type=\"widget\" data-e-type=\"widget\" data-widget_type=\"heading.default\">\n\t\t\t\t<div class=\"elementor-widget-container\">\n\t\t\t\t\t<h3 class=\"elementor-heading-title elementor-size-default\">About the owner<\/h3>\t\t\t\t<\/div>\n\t\t\t\t<\/div>\n\t\t\t\t<div class=\"elementor-element elementor-element-1cb620b elementor-widget elementor-widget-text-editor\" data-id=\"1cb620b\" data-element_type=\"widget\" data-e-type=\"widget\" data-widget_type=\"text-editor.default\">\n\t\t\t\t<div class=\"elementor-widget-container\">\n\t\t\t\t\t\t\t\t\t<p>I made my dream come true and got myself the best piece of Lapland nature. I changed my life and moved to the countryside. I built accommodation here to share all this beauty with you.<\/p><p>&#8211; Miika<\/p>\t\t\t\t\t\t\t\t<\/div>\n\t\t\t\t<\/div>\n\t\t\t\t<div class=\"elementor-element elementor-element-4be2295 elementor-widget elementor-widget-image\" data-id=\"4be2295\" data-element_type=\"widget\" data-e-type=\"widget\" data-widget_type=\"image.default\">\n\t\t\t\t<div class=\"elementor-widget-container\">\n\t\t\t\t\t\t\t\t\t\t\t\t\t\t\t<img decoding=\"async\" src=\"https:\/\/lystikama.fi\/wp-content\/uploads\/elementor\/thumbs\/LYSTIKAMA-LOGO-MUSTAV.-1-pnn20ligggzolobos6ln02ys63s7taf2w4izfhz4sg.png\" title=\"LYSTIK\u00c4M\u00c4 LOGO MUSTAV.\" alt=\"LYSTIK\u00c4M\u00c4 LOGO MUSTAV.\" loading=\"lazy\" \/>\t\t\t\t\t\t\t\t\t\t\t\t\t\t\t<\/div>\n\t\t\t\t<\/div>\n\t\t\t\t\t<\/div>\n\t\t<\/div>\n\t\t\t\t<div class=\"elementor-column elementor-col-50 elementor-top-column elementor-element elementor-element-32c2d78\" data-id=\"32c2d78\" data-element_type=\"column\" data-e-type=\"column\">\n\t\t\t<div class=\"elementor-widget-wrap elementor-element-populated\">\n\t\t\t\t\t\t<div class=\"elementor-element elementor-element-541de40 elementor-widget elementor-widget-image-box\" data-id=\"541de40\" data-element_type=\"widget\" data-e-type=\"widget\" data-widget_type=\"image-box.default\">\n\t\t\t\t<div class=\"elementor-widget-container\">\n\t\t\t\t\t<div class=\"elementor-image-box-wrapper\"><div class=\"elementor-image-box-content\"><h2 class=\"elementor-image-box-title\">Contact Us<\/h2><p class=\"elementor-image-box-description\">We try to reply to all messages as soon as possible. The best way to reach us is by email or phone. Welcome to Lystik\u00e4m\u00e4!<br><br><b>Miika From<\/b><br><br>\nLystik\u00e4m\u00e4 Country &amp; Lake Retreat<br>\nmiika.from@gmail.com<br>\n040 848 3038<br>\nBusiness ID: 3578358-6\n<\/p><\/div><\/div>\t\t\t\t<\/div>\n\t\t\t\t<\/div>\n\t\t\t\t<div class=\"elementor-element elementor-element-b066fb7 elementor-widget elementor-widget-heading\" data-id=\"b066fb7\" data-element_type=\"widget\" data-e-type=\"widget\" data-widget_type=\"heading.default\">\n\t\t\t\t<div class=\"elementor-widget-container\">\n\t\t\t\t\t<h3 class=\"elementor-heading-title elementor-size-default\">Contact form<\/h3>\t\t\t\t<\/div>\n\t\t\t\t<\/div>\n\t\t\t\t<div class=\"elementor-element elementor-element-c904135 elementor-widget elementor-widget-shortcode\" data-id=\"c904135\" data-element_type=\"widget\" data-e-type=\"widget\" data-widget_type=\"shortcode.default\">\n\t\t\t\t<div class=\"elementor-widget-container\">\n\t\t\t\t\t\t\t<div class=\"elementor-shortcode\">\n<div class=\"wpcf7 no-js\" id=\"wpcf7-f560-o1\" lang=\"fi\" dir=\"ltr\" data-wpcf7-id=\"560\">\n<div class=\"screen-reader-response\"><p role=\"status\" aria-live=\"polite\" aria-atomic=\"true\"><\/p> <ul><\/ul><\/div>\n<form action=\"\/en\/wp-json\/wp\/v2\/pages\/508#wpcf7-f560-o1\" method=\"post\" class=\"wpcf7-form init\" aria-label=\"Contact form\" novalidate=\"novalidate\" data-status=\"init\" data-trp-original-action=\"\/en\/wp-json\/wp\/v2\/pages\/508#wpcf7-f560-o1\">\n<fieldset class=\"hidden-fields-container\"><input type=\"hidden\" name=\"_wpcf7\" value=\"560\" \/><input type=\"hidden\" name=\"_wpcf7_version\" value=\"6.1.5\" \/><input type=\"hidden\" name=\"_wpcf7_locale\" value=\"fi\" \/><input type=\"hidden\" name=\"_wpcf7_unit_tag\" value=\"wpcf7-f560-o1\" \/><input type=\"hidden\" name=\"_wpcf7_container_post\" value=\"0\" \/><input type=\"hidden\" name=\"_wpcf7_posted_data_hash\" value=\"\" \/><input type=\"hidden\" name=\"_wpcf7_recaptcha_response\" value=\"\" \/>\n<\/fieldset>\n<p><label> Name<br \/>\n<span class=\"wpcf7-form-control-wrap\" data-name=\"your-name\"><input size=\"40\" maxlength=\"400\" class=\"wpcf7-form-control wpcf7-text wpcf7-validates-as-required\" aria-required=\"true\" aria-invalid=\"false\" value=\"\" type=\"text\" name=\"your-name\" \/><\/span> <\/label>\n<\/p>\n<p><label> Email<br \/>\n<span class=\"wpcf7-form-control-wrap\" data-name=\"your-email\"><input size=\"40\" maxlength=\"400\" class=\"wpcf7-form-control wpcf7-email wpcf7-validates-as-required wpcf7-text wpcf7-validates-as-email\" aria-required=\"true\" aria-invalid=\"false\" value=\"\" type=\"email\" name=\"your-email\" \/><\/span> <\/label>\n<\/p>\n<p><label> Phone<br \/>\n<span class=\"wpcf7-form-control-wrap\" data-name=\"tel-800\"><input size=\"40\" maxlength=\"400\" class=\"wpcf7-form-control wpcf7-tel wpcf7-validates-as-required wpcf7-text wpcf7-validates-as-tel\" aria-required=\"true\" aria-invalid=\"false\" value=\"\" type=\"tel\" name=\"tel-800\" \/><\/span> <\/label>\n<\/p>\n<p><label> Subject<br \/>\n<span class=\"wpcf7-form-control-wrap\" data-name=\"your-subject\"><input size=\"40\" maxlength=\"400\" class=\"wpcf7-form-control wpcf7-text wpcf7-validates-as-required\" aria-required=\"true\" aria-invalid=\"false\" value=\"\" type=\"text\" name=\"your-subject\" \/><\/span> <\/label>\n<\/p>\n<p><label> Message<br \/>\n<span class=\"wpcf7-form-control-wrap\" data-name=\"your-message\"><textarea cols=\"40\" rows=\"10\" maxlength=\"2000\" class=\"wpcf7-form-control wpcf7-textarea wpcf7-validates-as-required\" aria-required=\"true\" aria-invalid=\"false\" name=\"your-message\"><\/textarea><\/span> <\/label>\n<\/p>\n<p><label> How much is<br \/>\n<span class=\"wpcf7-form-control-wrap\" data-name=\"math-quiz\"><label><span class=\"wpcf7-quiz-label\">10+1=?<\/span> <input size=\"40\" class=\"wpcf7-form-control wpcf7-quiz\" autocomplete=\"off\" aria-required=\"true\" aria-invalid=\"false\" type=\"text\" name=\"math-quiz\" \/><\/label><input type=\"hidden\" name=\"_wpcf7_quiz_answer_math-quiz\" value=\"b58e701e7272b5841f0c2e38e26942e3\" \/><\/span><br \/>\nPlease fill in all the fields.<br \/>\n<input class=\"wpcf7-form-control wpcf7-submit has-spinner\" type=\"submit\" value=\"Send\" \/><\/label>\n<\/p><div class=\"wpcf7-response-output\" aria-hidden=\"true\"><\/div>\n<input type=\"hidden\" name=\"trp-form-language\" value=\"en\"\/><\/form>\n<\/div>\n<\/div>\n\t\t\t\t\t\t<\/div>\n\t\t\t\t<\/div>\n\t\t\t\t\t<\/div>\n\t\t<\/div>\n\t\t\t\t\t<\/div>\n\t\t<\/section>\n\t\t\t\t<section class=\"elementor-section elementor-top-section elementor-element elementor-element-70d8105 elementor-section-full_width elementor-section-height-default elementor-section-height-default\" data-id=\"70d8105\" data-element_type=\"section\" data-e-type=\"section\" data-settings=\"{&quot;background_background&quot;:&quot;classic&quot;}\">\n\t\t\t\t\t\t\t<div class=\"elementor-background-overlay\"><\/div>\n\t\t\t\t\t\t\t<div class=\"elementor-container elementor-column-gap-no\">\n\t\t\t\t\t<div class=\"elementor-column elementor-col-100 elementor-top-column elementor-element elementor-element-8731621\" data-id=\"8731621\" data-element_type=\"column\" data-e-type=\"column\">\n\t\t\t<div class=\"elementor-widget-wrap elementor-element-populated\">\n\t\t\t\t\t\t<div class=\"elementor-element elementor-element-0320c04 elementor-widget elementor-widget-google_maps\" data-id=\"0320c04\" data-element_type=\"widget\" data-e-type=\"widget\" data-widget_type=\"google_maps.default\">\n\t\t\t\t<div class=\"elementor-widget-container\">\n\t\t\t\t\t\t\t<div class=\"elementor-custom-embed\">\n\t\t\t<iframe loading=\"lazy\"\n\t\t\t\t\tsrc=\"https:\/\/maps.google.com\/maps?q=Pikkaraisentie%2054%2C%2097685%20Rovaniemi&#038;t=m&#038;z=9&#038;output=embed&#038;iwloc=near\"\n\t\t\t\t\ttitle=\"Pikkaraisentie 54, 97685 Rovaniemi\"\n\t\t\t\t\taria-label=\"Pikkaraisentie 54, 97685 Rovaniemi\"\n\t\t\t><\/iframe>\n\t\t<\/div>\n\t\t\t\t\t\t<\/div>\n\t\t\t\t<\/div>\n\t\t\t\t\t<\/div>\n\t\t<\/div>\n\t\t\t\t\t<\/div>\n\t\t<\/section>\n\t\t\t\t<\/div>","protected":false},"excerpt":{"rendered":"<p>Ota yhteytt\u00e4 Tietoja omistajasta Toteutin unelmani ja hankin itselleni parhaan palan Lapin luonnosta. Muutin el\u00e4m\u00e4ni ja muutin maaseudulle. Rakensin t\u00e4nne majoitustiloja jakaakseni t\u00e4m\u00e4n kaiken kauniin kanssasi. &#8211; Miika Ota meihin yhteytt\u00e4 Pyrimme vastaamaan kaikkiin viesteihin mahdollisimman nopeasti. Parhaiten tavoitat meid\u00e4t s\u00e4hk\u00f6postitse tai puhelimitse. Tervetuloa Lystik\u00e4m\u00e4\u00e4n! Miika From Lystik\u00e4m\u00e4 Country &amp; Lake Retreat miika.from@gmail.com 040 848 [&hellip;]<\/p>\n","protected":false},"author":1,"featured_media":0,"parent":0,"menu_order":0,"comment_status":"closed","ping_status":"closed","template":"","meta":{"site-sidebar-layout":"no-sidebar","site-content-layout":"page-builder","ast-site-content-layout":"default","site-content-style":"default","site-sidebar-style":"default","ast-global-header-display":"","ast-banner-title-visibility":"","ast-main-header-display":"","ast-hfb-above-header-display":"","ast-hfb-below-header-display":"","ast-hfb-mobile-header-display":"","site-post-title":"disabled","ast-breadcrumbs-content":"","ast-featured-img":"disabled","footer-sml-layout":"","ast-disable-related-posts":"","theme-transparent-header-meta":"enabled","adv-header-id-meta":"","stick-header-meta":"","header-above-stick-meta":"","header-main-stick-meta":"","header-below-stick-meta":"","astra-migrate-meta-layouts":"default","ast-page-background-enabled":"default","ast-page-background-meta":{"desktop":{"background-color":"","background-image":"","background-repeat":"repeat","background-position":"center center","background-size":"auto","background-attachment":"scroll","background-type":"","background-media":"","overlay-type":"","overlay-color":"","overlay-opacity":"","overlay-gradient":""},"tablet":{"background-color":"","background-image":"","background-repeat":"repeat","background-position":"center center","background-size":"auto","background-attachment":"scroll","background-type":"","background-media":"","overlay-type":"","overlay-color":"","overlay-opacity":"","overlay-gradient":""},"mobile":{"background-color":"","background-image":"","background-repeat":"repeat","background-position":"center center","background-size":"auto","background-attachment":"scroll","background-type":"","background-media":"","overlay-type":"","overlay-color":"","overlay-opacity":"","overlay-gradient":""}},"ast-content-background-meta":{"desktop":{"background-color":"var(--ast-global-color-5)","background-image":"","background-repeat":"repeat","background-position":"center center","background-size":"auto","background-attachment":"scroll","background-type":"","background-media":"","overlay-type":"","overlay-color":"","overlay-opacity":"","overlay-gradient":""},"tablet":{"background-color":"var(--ast-global-color-5)","background-image":"","background-repeat":"repeat","background-position":"center center","background-size":"auto","background-attachment":"scroll","background-type":"","background-media":"","overlay-type":"","overlay-color":"","overlay-opacity":"","overlay-gradient":""},"mobile":{"background-color":"var(--ast-global-color-5)","background-image":"","background-repeat":"repeat","background-position":"center center","background-size":"auto","background-attachment":"scroll","background-type":"","background-media":"","overlay-type":"","overlay-color":"","overlay-opacity":"","overlay-gradient":""}},"footnotes":""},"class_list":["post-508","page","type-page","status-publish","hentry"],"yoast_head":"<!-- This site is optimized with the Yoast SEO plugin v27.5 - https:\/\/yoast.com\/product\/yoast-seo-wordpress\/ -->\n<title>Ota yhteytt\u00e4 - Lystik\u00e4m\u00e4 Country &amp; Lake Retreat<\/title>\n<meta name=\"description\" content=\"Lystik\u00e4m\u00e4 Country &amp; Lake Retreat | miika.from@gmail.com | 040 848 3038 | Y-tunnus: 2158449-8\" \/>\n<meta name=\"robots\" content=\"index, follow, max-snippet:-1, max-image-preview:large, max-video-preview:-1\" \/>\n<link rel=\"canonical\" href=\"https:\/\/lystikama.fi\/en\/contact\/\" \/>\n<meta property=\"og:locale\" content=\"en_US\" \/>\n<meta property=\"og:type\" content=\"article\" \/>\n<meta property=\"og:title\" content=\"Ota yhteytt\u00e4 - Lystik\u00e4m\u00e4 Country &amp; Lake Retreat\" \/>\n<meta property=\"og:description\" content=\"Lystik\u00e4m\u00e4 Country &amp; Lake Retreat | miika.from@gmail.com | 040 848 3038 | Y-tunnus: 2158449-8\" \/>\n<meta property=\"og:url\" content=\"https:\/\/lystikama.fi\/en\/contact\/\" \/>\n<meta property=\"og:site_name\" content=\"Lystik\u00e4m\u00e4 Country &amp; Lake Retreat\" \/>\n<meta property=\"article:modified_time\" content=\"2026-04-07T10:12:50+00:00\" \/>\n<meta property=\"og:image\" content=\"https:\/\/lystikama.fi\/wp-content\/uploads\/2022\/04\/Miika.jpg\" \/>\n\t<meta property=\"og:image:width\" content=\"673\" \/>\n\t<meta property=\"og:image:height\" content=\"735\" \/>\n\t<meta property=\"og:image:type\" content=\"image\/jpeg\" \/>\n<meta name=\"twitter:card\" content=\"summary_large_image\" \/>\n<meta name=\"twitter:label1\" content=\"Est. reading time\" \/>\n\t<meta name=\"twitter:data1\" content=\"1 minute\" \/>\n<script type=\"application\/ld+json\" class=\"yoast-schema-graph\">{\"@context\":\"https:\\\/\\\/schema.org\",\"@graph\":[{\"@type\":\"WebPage\",\"@id\":\"https:\\\/\\\/lystikama.fi\\\/otayhteytta\\\/\",\"url\":\"https:\\\/\\\/lystikama.fi\\\/otayhteytta\\\/\",\"name\":\"Ota yhteytt\u00e4 - Lystik\u00e4m\u00e4 Country &amp; Lake Retreat\",\"isPartOf\":{\"@id\":\"https:\\\/\\\/lystikama.fi\\\/#website\"},\"primaryImageOfPage\":{\"@id\":\"https:\\\/\\\/lystikama.fi\\\/otayhteytta\\\/#primaryimage\"},\"image\":{\"@id\":\"https:\\\/\\\/lystikama.fi\\\/otayhteytta\\\/#primaryimage\"},\"thumbnailUrl\":\"https:\\\/\\\/lystikama.fi\\\/wp-content\\\/uploads\\\/2022\\\/04\\\/Miika.jpg\",\"datePublished\":\"2018-11-26T12:47:06+00:00\",\"dateModified\":\"2026-04-07T10:12:50+00:00\",\"description\":\"Lystik\u00e4m\u00e4 Country & Lake Retreat | miika.from@gmail.com | 040 848 3038 | Y-tunnus: 2158449-8\",\"breadcrumb\":{\"@id\":\"https:\\\/\\\/lystikama.fi\\\/otayhteytta\\\/#breadcrumb\"},\"inLanguage\":\"en-US\",\"potentialAction\":[{\"@type\":\"ReadAction\",\"target\":[\"https:\\\/\\\/lystikama.fi\\\/otayhteytta\\\/\"]}]},{\"@type\":\"ImageObject\",\"inLanguage\":\"en-US\",\"@id\":\"https:\\\/\\\/lystikama.fi\\\/otayhteytta\\\/#primaryimage\",\"url\":\"https:\\\/\\\/lystikama.fi\\\/wp-content\\\/uploads\\\/2022\\\/04\\\/Miika.jpg\",\"contentUrl\":\"https:\\\/\\\/lystikama.fi\\\/wp-content\\\/uploads\\\/2022\\\/04\\\/Miika.jpg\"},{\"@type\":\"BreadcrumbList\",\"@id\":\"https:\\\/\\\/lystikama.fi\\\/otayhteytta\\\/#breadcrumb\",\"itemListElement\":[{\"@type\":\"ListItem\",\"position\":1,\"name\":\"Home\",\"item\":\"https:\\\/\\\/lystikama.fi\\\/\"},{\"@type\":\"ListItem\",\"position\":2,\"name\":\"Ota yhteytt\u00e4\"}]},{\"@type\":\"WebSite\",\"@id\":\"https:\\\/\\\/lystikama.fi\\\/#website\",\"url\":\"https:\\\/\\\/lystikama.fi\\\/\",\"name\":\"Lystik\u00e4m\u00e4 Country &amp; Lake Retreat\",\"description\":\"Laadukkaat majoituspalvelut Siika-K\u00e4m\u00e4j\u00e4rven rannalla\",\"publisher\":{\"@id\":\"https:\\\/\\\/lystikama.fi\\\/#organization\"},\"potentialAction\":[{\"@type\":\"SearchAction\",\"target\":{\"@type\":\"EntryPoint\",\"urlTemplate\":\"https:\\\/\\\/lystikama.fi\\\/?s={search_term_string}\"},\"query-input\":{\"@type\":\"PropertyValueSpecification\",\"valueRequired\":true,\"valueName\":\"search_term_string\"}}],\"inLanguage\":\"en-US\"},{\"@type\":\"Organization\",\"@id\":\"https:\\\/\\\/lystikama.fi\\\/#organization\",\"name\":\"Lystik\u00e4m\u00e4n lomatila - Lystik\u00e4m\u00e4 Country & Lake Retreat\",\"url\":\"https:\\\/\\\/lystikama.fi\\\/\",\"logo\":{\"@type\":\"ImageObject\",\"inLanguage\":\"en-US\",\"@id\":\"https:\\\/\\\/lystikama.fi\\\/#\\\/schema\\\/logo\\\/image\\\/\",\"url\":\"https:\\\/\\\/lystikama.fi\\\/wp-content\\\/uploads\\\/2022\\\/05\\\/lystikama_logo_1200x630.jpg\",\"contentUrl\":\"https:\\\/\\\/lystikama.fi\\\/wp-content\\\/uploads\\\/2022\\\/05\\\/lystikama_logo_1200x630.jpg\",\"width\":1200,\"height\":630,\"caption\":\"Lystik\u00e4m\u00e4n lomatila - Lystik\u00e4m\u00e4 Country & Lake Retreat\"},\"image\":{\"@id\":\"https:\\\/\\\/lystikama.fi\\\/#\\\/schema\\\/logo\\\/image\\\/\"},\"sameAs\":[\"https:\\\/\\\/www.youtube.com\\\/channel\\\/UCIT9i2KDMcNI-Mu7b6xU8Fg\"]}]}<\/script>\n<!-- \/ Yoast SEO plugin. -->","yoast_head_json":{"title":"Ota yhteytt\u00e4 - Lystik\u00e4m\u00e4 Country &amp; Lake Retreat","description":"Lystik\u00e4m\u00e4 Country &amp; Lake Retreat | miika.from@gmail.com | 040 848 3038 | Business ID: 2158449-8","robots":{"index":"index","follow":"follow","max-snippet":"max-snippet:-1","max-image-preview":"max-image-preview:large","max-video-preview":"max-video-preview:-1"},"canonical":"https:\/\/lystikama.fi\/en\/contact\/","og_locale":"en_US","og_type":"article","og_title":"Ota yhteytt\u00e4 - Lystik\u00e4m\u00e4 Country &amp; Lake Retreat","og_description":"Lystik\u00e4m\u00e4 Country & Lake Retreat | miika.from@gmail.com | 040 848 3038 | Y-tunnus: 2158449-8","og_url":"https:\/\/lystikama.fi\/en\/contact\/","og_site_name":"Lystik\u00e4m\u00e4 Country &amp; Lake Retreat","article_modified_time":"2026-04-07T10:12:50+00:00","og_image":[{"width":673,"height":735,"url":"https:\/\/lystikama.fi\/wp-content\/uploads\/2022\/04\/Miika.jpg","type":"image\/jpeg"}],"twitter_card":"summary_large_image","twitter_misc":{"Est. reading time":"1 minute"},"schema":{"@context":"https:\/\/schema.org","@graph":[{"@type":"WebPage","@id":"https:\/\/lystikama.fi\/otayhteytta\/","url":"https:\/\/lystikama.fi\/otayhteytta\/","name":"Ota yhteytt\u00e4 - Lystik\u00e4m\u00e4 Country &amp; Lake Retreat","isPartOf":{"@id":"https:\/\/lystikama.fi\/#website"},"primaryImageOfPage":{"@id":"https:\/\/lystikama.fi\/otayhteytta\/#primaryimage"},"image":{"@id":"https:\/\/lystikama.fi\/otayhteytta\/#primaryimage"},"thumbnailUrl":"https:\/\/lystikama.fi\/wp-content\/uploads\/2022\/04\/Miika.jpg","datePublished":"2018-11-26T12:47:06+00:00","dateModified":"2026-04-07T10:12:50+00:00","description":"Lystik\u00e4m\u00e4 Country &amp; Lake Retreat | miika.from@gmail.com | 040 848 3038 | Business ID: 2158449-8","breadcrumb":{"@id":"https:\/\/lystikama.fi\/otayhteytta\/#breadcrumb"},"inLanguage":"en-US","potentialAction":[{"@type":"ReadAction","target":["https:\/\/lystikama.fi\/otayhteytta\/"]}]},{"@type":"ImageObject","inLanguage":"en-US","@id":"https:\/\/lystikama.fi\/otayhteytta\/#primaryimage","url":"https:\/\/lystikama.fi\/wp-content\/uploads\/2022\/04\/Miika.jpg","contentUrl":"https:\/\/lystikama.fi\/wp-content\/uploads\/2022\/04\/Miika.jpg"},{"@type":"BreadcrumbList","@id":"https:\/\/lystikama.fi\/otayhteytta\/#breadcrumb","itemListElement":[{"@type":"ListItem","position":1,"name":"Home","item":"https:\/\/lystikama.fi\/"},{"@type":"ListItem","position":2,"name":"Ota yhteytt\u00e4"}]},{"@type":"WebSite","@id":"https:\/\/lystikama.fi\/#website","url":"https:\/\/lystikama.fi\/","name":"Lystik\u00e4m\u00e4 Country &amp; Lake Retreat","description":"Laadukkaat majoituspalvelut Siika-K\u00e4m\u00e4j\u00e4rven rannalla","publisher":{"@id":"https:\/\/lystikama.fi\/#organization"},"potentialAction":[{"@type":"SearchAction","target":{"@type":"EntryPoint","urlTemplate":"https:\/\/lystikama.fi\/?s={search_term_string}"},"query-input":{"@type":"PropertyValueSpecification","valueRequired":true,"valueName":"search_term_string"}}],"inLanguage":"en-US"},{"@type":"Organization","@id":"https:\/\/lystikama.fi\/#organization","name":"Lystik\u00e4m\u00e4n lomatila - Lystik\u00e4m\u00e4 Country & Lake Retreat","url":"https:\/\/lystikama.fi\/","logo":{"@type":"ImageObject","inLanguage":"en-US","@id":"https:\/\/lystikama.fi\/#\/schema\/logo\/image\/","url":"https:\/\/lystikama.fi\/wp-content\/uploads\/2022\/05\/lystikama_logo_1200x630.jpg","contentUrl":"https:\/\/lystikama.fi\/wp-content\/uploads\/2022\/05\/lystikama_logo_1200x630.jpg","width":1200,"height":630,"caption":"Lystik\u00e4m\u00e4n lomatila - Lystik\u00e4m\u00e4 Country & Lake Retreat"},"image":{"@id":"https:\/\/lystikama.fi\/#\/schema\/logo\/image\/"},"sameAs":["https:\/\/www.youtube.com\/channel\/UCIT9i2KDMcNI-Mu7b6xU8Fg"]}]}},"_links":{"self":[{"href":"https:\/\/lystikama.fi\/en\/wp-json\/wp\/v2\/pages\/508","targetHints":{"allow":["GET"]}}],"collection":[{"href":"https:\/\/lystikama.fi\/en\/wp-json\/wp\/v2\/pages"}],"about":[{"href":"https:\/\/lystikama.fi\/en\/wp-json\/wp\/v2\/types\/page"}],"author":[{"embeddable":true,"href":"https:\/\/lystikama.fi\/en\/wp-json\/wp\/v2\/users\/1"}],"replies":[{"embeddable":true,"href":"https:\/\/lystikama.fi\/en\/wp-json\/wp\/v2\/comments?post=508"}],"version-history":[{"count":87,"href":"https:\/\/lystikama.fi\/en\/wp-json\/wp\/v2\/pages\/508\/revisions"}],"predecessor-version":[{"id":4336,"href":"https:\/\/lystikama.fi\/en\/wp-json\/wp\/v2\/pages\/508\/revisions\/4336"}],"wp:attachment":[{"href":"https:\/\/lystikama.fi\/en\/wp-json\/wp\/v2\/media?parent=508"}],"curies":[{"name":"wp","href":"https:\/\/api.w.org\/{rel}","templated":true}]}}